{"id":326,"date":"2026-02-07T19:58:05","date_gmt":"2026-02-07T18:58:05","guid":{"rendered":"https:\/\/bistro.rasslstudio.com\/?page_id=326"},"modified":"2026-03-28T17:04:07","modified_gmt":"2026-03-28T16:04:07","slug":"impressum","status":"publish","type":"page","link":"https:\/\/bistro.rasslstudio.com\/it\/impressum\/","title":{"rendered":"Avviso legale"},"content":{"rendered":"<h1 class=\"wp-block-heading has-oswald-font-family\"><strong>Avviso legale<\/strong><\/h1>\n\n\n\n<h3 class=\"wp-block-heading has-oswald-font-family has-superbfont-large-font-size\">Responsabile del contenuto:<\/h3>\n\n\n\n<p><strong>Mountain Bistro SNC<\/strong><\/p>\n\n\n\n<p>Via Mitterecker 3<br>39037 Rio di Pusteria (BZ)<br>Italia<\/p>\n\n\n\n<p><strong>Partita IVA:<\/strong> IT03321380218<\/p>\n\n\n\n<p><strong>E-mail<\/strong> <a href=\"mailto:bistromountain@gmail.com\" target=\"_blank\" rel=\"noreferrer noopener\">bistromountain@gmail.com<\/a><br><strong>PEC:<\/strong> <a href=\"mailto:bistromountain@pec.it\" target=\"_blank\" rel=\"noreferrer noopener\">bistromountain@pec.it<\/a><br><strong>Tel.: <\/strong><a href=\"tel:00393444878979\" target=\"_blank\" rel=\"noreferrer noopener\">+39 344 4878979<\/a><\/p>\n\n\n\n<h3 class=\"wp-block-heading has-oswald-font-family has-superbfont-large-font-size\"><strong>Diritto d\u2019autore:<\/strong>:<\/h3>\n\n\n\n<p>I contenuti, testi, immagini e opere pubblicati su questo sito sono protetti dal diritto d\u2019autore. Qualsiasi riproduzione, modifica, distribuzione o altro utilizzo al di fuori dei limiti previsti dalla legge richiede il previo consenso scritto del rispettivo titolare dei diritti.<\/p>\n\n\n\n<p>\u00a9 2026 Mountain Bistro SNC<\/p>","protected":false},"excerpt":{"rendered":"<p>Impressum F\u00fcr den Inhalt verantwortlich: Mountain Bistro SNC Mittereckerstra\u00dfe 339037 M\u00fchlbach (BZ)Italien Mw.St.Nr IT03321380218 E-Mail: bistromountain@gmail.comPec: bistromountain@pec.itTel.: +39 344 4878979 Urheberrecht: Die auf dieser Website ver\u00f6ffentlichten Inhalte, Texte, Bilder und Werke sind urheberrechtlich gesch\u00fctzt. Jede Vervielf\u00e4ltigung, Bearbeitung, Verbreitung oder sonstige Verwertung au\u00dferhalb der gesetzlichen Grenzen bedarf der vorherigen schriftlichen Zustimmung des jeweiligen Rechteinhabers. \u00a9 2026 [&hellip;]<\/p>\n","protected":false},"author":1,"featured_media":0,"parent":0,"menu_order":0,"comment_status":"closed","ping_status":"closed","template":"","meta":{"footnotes":""},"class_list":["post-326","page","type-page","status-publish","hentry"],"yoast_head":"<!-- This site is optimized with the Yoast SEO plugin v27.2 - https:\/\/yoast.com\/product\/yoast-seo-wordpress\/ -->\n<title>Impressum - Mountain Bistro<\/title>\n<meta name=\"robots\" content=\"noindex, nofollow\" \/>\n<meta property=\"og:locale\" content=\"it_IT\" \/>\n<meta property=\"og:type\" content=\"article\" \/>\n<meta property=\"og:title\" content=\"Impressum - Mountain Bistro\" \/>\n<meta property=\"og:description\" content=\"Impressum F\u00fcr den Inhalt verantwortlich: Mountain Bistro SNC Mittereckerstra\u00dfe 339037 M\u00fchlbach (BZ)Italien Mw.St.Nr IT03321380218 E-Mail: bistromountain@gmail.comPec: bistromountain@pec.itTel.: +39 344 4878979 Urheberrecht: Die auf dieser Website ver\u00f6ffentlichten Inhalte, Texte, Bilder und Werke sind urheberrechtlich gesch\u00fctzt. Jede Vervielf\u00e4ltigung, Bearbeitung, Verbreitung oder sonstige Verwertung au\u00dferhalb der gesetzlichen Grenzen bedarf der vorherigen schriftlichen Zustimmung des jeweiligen Rechteinhabers. \u00a9 2026 [&hellip;]\" \/>\n<meta property=\"og:url\" content=\"https:\/\/bistro.rasslstudio.com\/it\/impressum\/\" \/>\n<meta property=\"og:site_name\" content=\"Mountain Bistro\" \/>\n<meta property=\"article:modified_time\" content=\"2026-03-28T16:04:07+00:00\" \/>\n<meta name=\"twitter:card\" content=\"summary_large_image\" \/>\n<meta name=\"twitter:label1\" content=\"Tempo di lettura stimato\" \/>\n\t<meta name=\"twitter:data1\" content=\"1 minuto\" \/>\n<script type=\"application\/ld+json\" class=\"yoast-schema-graph\">{\"@context\":\"https:\/\/schema.org\",\"@graph\":[{\"@type\":\"WebPage\",\"@id\":\"https:\/\/bistro.rasslstudio.com\/impressum\/\",\"url\":\"https:\/\/bistro.rasslstudio.com\/impressum\/\",\"name\":\"Impressum - Mountain Bistro\",\"isPartOf\":{\"@id\":\"https:\/\/bistro.rasslstudio.com\/#website\"},\"datePublished\":\"2026-02-07T18:58:05+00:00\",\"dateModified\":\"2026-03-28T16:04:07+00:00\",\"breadcrumb\":{\"@id\":\"https:\/\/bistro.rasslstudio.com\/impressum\/#breadcrumb\"},\"inLanguage\":\"it-IT\",\"potentialAction\":[{\"@type\":\"ReadAction\",\"target\":[\"https:\/\/bistro.rasslstudio.com\/impressum\/\"]}]},{\"@type\":\"BreadcrumbList\",\"@id\":\"https:\/\/bistro.rasslstudio.com\/impressum\/#breadcrumb\",\"itemListElement\":[{\"@type\":\"ListItem\",\"position\":1,\"name\":\"Start\",\"item\":\"https:\/\/bistro.rasslstudio.com\/\"},{\"@type\":\"ListItem\",\"position\":2,\"name\":\"Impressum\"}]},{\"@type\":\"WebSite\",\"@id\":\"https:\/\/bistro.rasslstudio.com\/#website\",\"url\":\"https:\/\/bistro.rasslstudio.com\/\",\"name\":\"Mountain Bistro\",\"description\":\"\",\"publisher\":{\"@id\":\"https:\/\/bistro.rasslstudio.com\/#organization\"},\"potentialAction\":[{\"@type\":\"SearchAction\",\"target\":{\"@type\":\"EntryPoint\",\"urlTemplate\":\"https:\/\/bistro.rasslstudio.com\/?s={search_term_string}\"},\"query-input\":{\"@type\":\"PropertyValueSpecification\",\"valueRequired\":true,\"valueName\":\"search_term_string\"}}],\"inLanguage\":\"it-IT\"},{\"@type\":\"Organization\",\"@id\":\"https:\/\/bistro.rasslstudio.com\/#organization\",\"name\":\"Mountain Bistro SNC\",\"alternateName\":\"Mountain Bistro\",\"url\":\"https:\/\/bistro.rasslstudio.com\/\",\"logo\":{\"@type\":\"ImageObject\",\"inLanguage\":\"it-IT\",\"@id\":\"https:\/\/bistro.rasslstudio.com\/#\/schema\/logo\/image\/\",\"url\":\"https:\/\/bistro.rasslstudio.com\/wp-content\/uploads\/2026\/03\/logo-mountain-bistro-1.png\",\"contentUrl\":\"https:\/\/bistro.rasslstudio.com\/wp-content\/uploads\/2026\/03\/logo-mountain-bistro-1.png\",\"width\":723,\"height\":637,\"caption\":\"Mountain Bistro SNC\"},\"image\":{\"@id\":\"https:\/\/bistro.rasslstudio.com\/#\/schema\/logo\/image\/\"},\"sameAs\":[\"https:\/\/www.instagram.com\/mountainbistro.meransen\/\"]}]}<\/script>\n<!-- \/ Yoast SEO plugin. -->","yoast_head_json":{"title":"Impressum - Mountain Bistro","robots":{"index":"noindex","follow":"nofollow"},"og_locale":"it_IT","og_type":"article","og_title":"Impressum - Mountain Bistro","og_description":"Impressum F\u00fcr den Inhalt verantwortlich: Mountain Bistro SNC Mittereckerstra\u00dfe 339037 M\u00fchlbach (BZ)Italien Mw.St.Nr IT03321380218 E-Mail: bistromountain@gmail.comPec: bistromountain@pec.itTel.: +39 344 4878979 Urheberrecht: Die auf dieser Website ver\u00f6ffentlichten Inhalte, Texte, Bilder und Werke sind urheberrechtlich gesch\u00fctzt. Jede Vervielf\u00e4ltigung, Bearbeitung, Verbreitung oder sonstige Verwertung au\u00dferhalb der gesetzlichen Grenzen bedarf der vorherigen schriftlichen Zustimmung des jeweiligen Rechteinhabers. \u00a9 2026 [&hellip;]","og_url":"https:\/\/bistro.rasslstudio.com\/it\/impressum\/","og_site_name":"Mountain Bistro","article_modified_time":"2026-03-28T16:04:07+00:00","twitter_card":"summary_large_image","twitter_misc":{"Tempo di lettura stimato":"1 minuto"},"schema":{"@context":"https:\/\/schema.org","@graph":[{"@type":"WebPage","@id":"https:\/\/bistro.rasslstudio.com\/impressum\/","url":"https:\/\/bistro.rasslstudio.com\/impressum\/","name":"Impressum - Mountain Bistro","isPartOf":{"@id":"https:\/\/bistro.rasslstudio.com\/#website"},"datePublished":"2026-02-07T18:58:05+00:00","dateModified":"2026-03-28T16:04:07+00:00","breadcrumb":{"@id":"https:\/\/bistro.rasslstudio.com\/impressum\/#breadcrumb"},"inLanguage":"it-IT","potentialAction":[{"@type":"ReadAction","target":["https:\/\/bistro.rasslstudio.com\/impressum\/"]}]},{"@type":"BreadcrumbList","@id":"https:\/\/bistro.rasslstudio.com\/impressum\/#breadcrumb","itemListElement":[{"@type":"ListItem","position":1,"name":"Start","item":"https:\/\/bistro.rasslstudio.com\/"},{"@type":"ListItem","position":2,"name":"Impressum"}]},{"@type":"WebSite","@id":"https:\/\/bistro.rasslstudio.com\/#website","url":"https:\/\/bistro.rasslstudio.com\/","name":"Mountain Bistro","description":"","publisher":{"@id":"https:\/\/bistro.rasslstudio.com\/#organization"},"potentialAction":[{"@type":"SearchAction","target":{"@type":"EntryPoint","urlTemplate":"https:\/\/bistro.rasslstudio.com\/?s={search_term_string}"},"query-input":{"@type":"PropertyValueSpecification","valueRequired":true,"valueName":"search_term_string"}}],"inLanguage":"it-IT"},{"@type":"Organization","@id":"https:\/\/bistro.rasslstudio.com\/#organization","name":"Mountain Bistro SNC","alternateName":"Mountain Bistro","url":"https:\/\/bistro.rasslstudio.com\/","logo":{"@type":"ImageObject","inLanguage":"it-IT","@id":"https:\/\/bistro.rasslstudio.com\/#\/schema\/logo\/image\/","url":"https:\/\/bistro.rasslstudio.com\/wp-content\/uploads\/2026\/03\/logo-mountain-bistro-1.png","contentUrl":"https:\/\/bistro.rasslstudio.com\/wp-content\/uploads\/2026\/03\/logo-mountain-bistro-1.png","width":723,"height":637,"caption":"Mountain Bistro SNC"},"image":{"@id":"https:\/\/bistro.rasslstudio.com\/#\/schema\/logo\/image\/"},"sameAs":["https:\/\/www.instagram.com\/mountainbistro.meransen\/"]}]}},"_links":{"self":[{"href":"https:\/\/bistro.rasslstudio.com\/it\/wp-json\/wp\/v2\/pages\/326","targetHints":{"allow":["GET"]}}],"collection":[{"href":"https:\/\/bistro.rasslstudio.com\/it\/wp-json\/wp\/v2\/pages"}],"about":[{"href":"https:\/\/bistro.rasslstudio.com\/it\/wp-json\/wp\/v2\/types\/page"}],"author":[{"embeddable":true,"href":"https:\/\/bistro.rasslstudio.com\/it\/wp-json\/wp\/v2\/users\/1"}],"replies":[{"embeddable":true,"href":"https:\/\/bistro.rasslstudio.com\/it\/wp-json\/wp\/v2\/comments?post=326"}],"version-history":[{"count":14,"href":"https:\/\/bistro.rasslstudio.com\/it\/wp-json\/wp\/v2\/pages\/326\/revisions"}],"predecessor-version":[{"id":483,"href":"https:\/\/bistro.rasslstudio.com\/it\/wp-json\/wp\/v2\/pages\/326\/revisions\/483"}],"wp:attachment":[{"href":"https:\/\/bistro.rasslstudio.com\/it\/wp-json\/wp\/v2\/media?parent=326"}],"curies":[{"name":"wp","href":"https:\/\/api.w.org\/{rel}","templated":true}]}}